{"id":225,"date":"2016-02-03T12:28:26","date_gmt":"2016-02-03T11:28:26","guid":{"rendered":"http:\/\/euronovia.eu\/en\/?page_id=225"},"modified":"2026-02-12T11:01:56","modified_gmt":"2026-02-12T10:01:56","slug":"our-team","status":"publish","type":"page","link":"https:\/\/euronovia.eu\/en\/our-team\/","title":{"rendered":"Our team"},"content":{"rendered":"\n<h1>\n\t\t\tOUR TEAM\t<\/h1>\n\t<p>Our experiences, our expertise and our commitment at the service of your project<\/p>\n<figure>\n\t\t\t\t<a href=\"https:\/\/www.linkedin.com\/in\/virginierobin\" target=\"_blank\" rel=\"noopener\">\n\t\t\t\t<img decoding=\"async\" src=\"https:\/\/euronovia.eu\/wp-content\/uploads\/2021\/09\/photo-VR-2-1-150x150.jpeg\" alt=\"photo VR - 2\" height=\"150\" width=\"150\" title=\"photo VR - 2\" loading=\"lazy\" \/>\n\t\t\t\t<\/a>\n\t<\/figure>\n\t<h1>Virginie ROBIN<br \/>\nCEO &amp; Founder<\/h1>\n<figure>\n\t\t\t\t<a href=\"https:\/\/www.linkedin.com\/in\/lucie-guilloteau-8182aa80\/\" target=\"_blank\" rel=\"noopener\">\n\t\t\t\t<img decoding=\"async\" src=\"https:\/\/euronovia.eu\/wp-content\/uploads\/2023\/02\/Lucie-2023-BW-150x150.jpg\" alt=\"Lucie-2023-BW\" height=\"150\" width=\"150\" title=\"Lucie-2023-BW\" loading=\"lazy\" \/>\n\t\t\t\t<\/a>\n\t<\/figure>\n\t<h2>Lucie GUILLOTEAU<br \/>\nHead of research projects<\/h2>\n<figure>\n\t\t\t\t<a href=\"https:\/\/www.linkedin.com\/in\/marie-garcia-eufunds\/\" target=\"_blank\" rel=\"noopener\">\n\t\t\t\t<img decoding=\"async\" src=\"https:\/\/euronovia.eu\/wp-content\/uploads\/2021\/04\/marie-garcia-carre2-150x150.png\" alt=\"marie-garcia-carre2\" height=\"150\" width=\"150\" title=\"marie-garcia-carre2\" loading=\"lazy\" \/>\n\t\t\t\t<\/a>\n\t<\/figure>\n\t<h2>Marie GARCIA<br \/>\nHead of partnerships<\/h2>\n<figure>\n\t\t\t\t<a href=\"https:\/\/www.linkedin.com\/in\/lauradenale\/\" target=\"_blank\" rel=\"noopener\">\n\t\t\t\t<img decoding=\"async\" src=\"https:\/\/euronovia.eu\/wp-content\/uploads\/2021\/04\/laura-denale2-150x150.png\" alt=\"\" loading=\"lazy\" \/>\n\t\t\t\t<\/a>\n\t<\/figure>\n\t<h2>Laura DE NALE<br \/>\nConsultant<\/h2>\n<figure>\n\t\t\t\t<a href=\"https:\/\/www.linkedin.com\/in\/maevav\/\" target=\"_blank\" rel=\"noopener\">\n\t\t\t\t<img decoding=\"async\" src=\"https:\/\/euronovia.eu\/wp-content\/uploads\/2022\/07\/Maeva_1-150x150.jpg\" alt=\"Maeva_1\" height=\"150\" width=\"150\" title=\"Maeva_1\" loading=\"lazy\" \/>\n\t\t\t\t<\/a>\n\t<\/figure>\n\t<h2>Ma\u00ebva VOLTZ<br \/>\nConsultant<\/h2>\n<figure>\n\t\t\t\t<a href=\"https:\/\/www.linkedin.com\/in\/emilie-floch-78146747\/\" target=\"_blank\" rel=\"noopener\">\n\t\t\t\t<img decoding=\"async\" src=\"https:\/\/euronovia.eu\/wp-content\/uploads\/2025\/01\/Emilie-150x150.jpeg\" alt=\"Emilie Floch\" height=\"150\" width=\"150\" title=\"Emilie\" loading=\"lazy\" \/>\n\t\t\t\t<\/a>\n\t<\/figure>\n\t<h2>Emilie FLOCH<br \/>\nConsultant<\/h2>\n<figure>\n\t\t\t\t<a href=\"https:\/\/www.linkedin.com\/in\/in%C3%A8s-martorell-urbanisme\/\" target=\"_blank\" rel=\"noopener\">\n\t\t\t\t<img decoding=\"async\" src=\"https:\/\/euronovia.eu\/wp-content\/uploads\/2023\/09\/Ines-BW-150x150.jpg\" alt=\"In\u00e8s-BW\" height=\"150\" width=\"150\" title=\"In\u00e8s-BW\" loading=\"lazy\" \/>\n\t\t\t\t<\/a>\n\t<\/figure>\n\t<h2>In\u00e8s MARTORELL<br \/>\nConsultant<\/h2>\n<figure>\n\t\t\t\t<a href=\"https:\/\/www.linkedin.com\/in\/emmanuelle-moreau-b49ab1109\/\" target=\"_blank\" rel=\"noopener\">\n\t\t\t\t<img decoding=\"async\" src=\"https:\/\/euronovia.eu\/wp-content\/uploads\/2025\/12\/001_Emmanuelle-MOREAU-EURONOVIA-Modifier-Modifier-2-150x150.jpg\" alt=\"001_Emmanuelle MOREAU EURONOVIA-Modifier-Modifier-2\" height=\"150\" width=\"150\" title=\"001_Emmanuelle MOREAU EURONOVIA-Modifier-Modifier-2\" loading=\"lazy\" \/>\n\t\t\t\t<\/a>\n\t<\/figure>\n\t<h2>Emmanuelle MOREAU<br \/>\nConsultant<br \/>\n<\/h2>\n<figure>\n\t\t\t\t<a href=\"https:\/\/www.linkedin.com\/in\/ana%C3%AFs-loudi%C3%A8res-4b0ba9ba\/\" target=\"_blank\" rel=\"noopener\">\n\t\t\t\t<img decoding=\"async\" src=\"https:\/\/euronovia.eu\/wp-content\/uploads\/2025\/12\/007_ANAIS-EURONOVIA-Modifier-2-150x150.jpg\" alt=\"007_ANAIS EURONOVIA-Modifier-2\" height=\"150\" width=\"150\" title=\"007_ANAIS EURONOVIA-Modifier-2\" loading=\"lazy\" \/>\n\t\t\t\t<\/a>\n\t<\/figure>\n\t<h2>Ana\u00efs LOUDI\u00c8RES<br \/>\nConsultant<\/h2>\n<figure>\n\t\t\t\t<a href=\"https:\/\/www.linkedin.com\/in\/sarah-bonnet-b65582196\/\" target=\"_blank\" rel=\"noopener\">\n\t\t\t\t<img decoding=\"async\" src=\"https:\/\/euronovia.eu\/wp-content\/uploads\/2025\/02\/Sarah-Bonnet_resized_BW-150x150.jpg\" alt=\"Sarah-Bonnet_resized_B&amp;amp;W\" height=\"150\" width=\"150\" title=\"Sarah-Bonnet_resized_B&amp;amp;W\" loading=\"lazy\" \/>\n\t\t\t\t<\/a>\n\t<\/figure>\n\t<h2>Sarah BONNET<br \/>\nConsultant<\/h2>\n<figure>\n\t\t\t\t<a href=\"https:\/\/www.linkedin.com\/in\/claire-boulch-financements-europ%C3%A9ens\/\" target=\"_blank\" rel=\"noopener\">\n\t\t\t\t<img decoding=\"async\" src=\"https:\/\/euronovia.eu\/wp-content\/uploads\/2020\/07\/Claire-Boulch-Euronovia-150x150.png\" alt=\"Claire-Boulch-Euronovia\" height=\"150\" width=\"150\" title=\"Claire-Boulch-Euronovia\" loading=\"lazy\" \/>\n\t\t\t\t<\/a>\n\t<\/figure>\n\t<h2>Claire BOULCH<br \/>\nExternal consultant<\/h2>\n\t\t\t\t\t\t\t\t\t<img loading=\"lazy\" decoding=\"async\" src=\"https:\/\/euronovia.eu\/wp-content\/uploads\/2023\/06\/Logo-blanc.png\" alt=\"Logo-euronovia-blanc\" height=\"197\" width=\"918\" title=\"Logo-euronovia-blanc\" \/>\n\t\t\n\t\t<a href=\"https:\/\/www.linkedin.com\/company\/euronovia\" target=\"_blank\" title=\"LinkedIn\" aria-label=\"LinkedIn\" role=\"button\" rel=\"noopener noreferrer external\">\n\t\t\t\t\t<\/a>\n<h2>\n\t\t\tMain office\t<\/h2>\n\t227 Boulevard Raspail<br \/>\n75014 Paris<br \/>\nFrance\n<h2>\n\t\t<a href=\"http:\/\/euronovia.eu\/en\/contact-us\/\" title=\"Contact us\" target=\"_self\">\n\t\t\tContact us\t\t<\/a>\n\t<\/h2>\n\n","protected":false},"excerpt":{"rendered":"<p>OUR TEAM Our experiences, our expertise and our commitment at the service of your project Virginie ROBIN CEO &amp; Founder Lucie GUILLOTEAU Head of research projects Marie GARCIA Head of partnerships Laura DE NALE Consultant Ma\u00ebva VOLTZ Consultant Emilie FLOCH Consultant In\u00e8s MARTORELL Consultant Emmanuelle MOREAU Consultant Ana\u00efs LOUDI\u00c8RES Consultant Sarah BONNET Consultant Claire BOULCH&hellip;<\/p>\n","protected":false},"author":1,"featured_media":0,"parent":0,"menu_order":0,"comment_status":"closed","ping_status":"closed","template":"","meta":{"footnotes":""},"class_list":["post-225","page","type-page","status-publish","hentry"],"yoast_head":"<!-- This site is optimized with the Yoast SEO plugin v26.9 - https:\/\/yoast.com\/product\/yoast-seo-wordpress\/ -->\n<title>Our team - Euronovia Conseil<\/title>\n<meta name=\"robots\" content=\"index, follow, max-snippet:-1, max-image-preview:large, max-video-preview:-1\" \/>\n<link rel=\"canonical\" href=\"https:\/\/euronovia.eu\/en\/our-team\/\" \/>\n<meta property=\"og:locale\" content=\"en_US\" \/>\n<meta property=\"og:type\" content=\"article\" \/>\n<meta property=\"og:title\" content=\"Our team - Euronovia Conseil\" \/>\n<meta property=\"og:description\" content=\"OUR TEAM Our experiences, our expertise and our commitment at the service of your project Virginie ROBIN CEO &amp; Founder Lucie GUILLOTEAU Head of research projects Marie GARCIA Head of partnerships Laura DE NALE Consultant Ma\u00ebva VOLTZ Consultant Emilie FLOCH Consultant In\u00e8s MARTORELL Consultant Emmanuelle MOREAU Consultant Ana\u00efs LOUDI\u00c8RES Consultant Sarah BONNET Consultant Claire BOULCH&hellip;\" \/>\n<meta property=\"og:url\" content=\"https:\/\/euronovia.eu\/en\/our-team\/\" \/>\n<meta property=\"og:site_name\" content=\"Euronovia Conseil\" \/>\n<meta property=\"article:modified_time\" content=\"2026-02-12T10:01:56+00:00\" \/>\n<meta property=\"og:image\" content=\"https:\/\/euronovia.eu\/wp-content\/uploads\/2021\/09\/photo-VR-2-1-150x150.jpeg\" \/>\n<meta name=\"twitter:card\" content=\"summary_large_image\" \/>\n<script type=\"application\/ld+json\" class=\"yoast-schema-graph\">{\"@context\":\"https:\/\/schema.org\",\"@graph\":[{\"@type\":\"WebPage\",\"@id\":\"https:\/\/euronovia.eu\/en\/our-team\/\",\"url\":\"https:\/\/euronovia.eu\/en\/our-team\/\",\"name\":\"Our team - Euronovia Conseil\",\"isPartOf\":{\"@id\":\"https:\/\/euronovia.eu\/en\/#website\"},\"primaryImageOfPage\":{\"@id\":\"https:\/\/euronovia.eu\/en\/our-team\/#primaryimage\"},\"image\":{\"@id\":\"https:\/\/euronovia.eu\/en\/our-team\/#primaryimage\"},\"thumbnailUrl\":\"https:\/\/euronovia.eu\/wp-content\/uploads\/2021\/09\/photo-VR-2-1-150x150.jpeg\",\"datePublished\":\"2016-02-03T11:28:26+00:00\",\"dateModified\":\"2026-02-12T10:01:56+00:00\",\"breadcrumb\":{\"@id\":\"https:\/\/euronovia.eu\/en\/our-team\/#breadcrumb\"},\"inLanguage\":\"en-US\",\"potentialAction\":[{\"@type\":\"ReadAction\",\"target\":[\"https:\/\/euronovia.eu\/en\/our-team\/\"]}]},{\"@type\":\"ImageObject\",\"inLanguage\":\"en-US\",\"@id\":\"https:\/\/euronovia.eu\/en\/our-team\/#primaryimage\",\"url\":\"https:\/\/euronovia.eu\/wp-content\/uploads\/2021\/09\/photo-VR-2-1-150x150.jpeg\",\"contentUrl\":\"https:\/\/euronovia.eu\/wp-content\/uploads\/2021\/09\/photo-VR-2-1-150x150.jpeg\"},{\"@type\":\"BreadcrumbList\",\"@id\":\"https:\/\/euronovia.eu\/en\/our-team\/#breadcrumb\",\"itemListElement\":[{\"@type\":\"ListItem\",\"position\":1,\"name\":\"Accueil\",\"item\":\"https:\/\/euronovia.eu\/en\/\"},{\"@type\":\"ListItem\",\"position\":2,\"name\":\"Our team\"}]},{\"@type\":\"WebSite\",\"@id\":\"https:\/\/euronovia.eu\/en\/#website\",\"url\":\"https:\/\/euronovia.eu\/en\/\",\"name\":\"Euronovia Conseil\",\"description\":\"Vous avez un projet europ\u00e9en ou international ? Nous vous accompagnons \u00e0 chaque \u00e9tape de son d\u00e9veloppement, du montage \u00e0 la gestion.\",\"potentialAction\":[{\"@type\":\"SearchAction\",\"target\":{\"@type\":\"EntryPoint\",\"urlTemplate\":\"https:\/\/euronovia.eu\/en\/?s={search_term_string}\"},\"query-input\":{\"@type\":\"PropertyValueSpecification\",\"valueRequired\":true,\"valueName\":\"search_term_string\"}}],\"inLanguage\":\"en-US\"}]}<\/script>\n<!-- \/ Yoast SEO plugin. -->","yoast_head_json":{"title":"Our team - Euronovia Conseil","robots":{"index":"index","follow":"follow","max-snippet":"max-snippet:-1","max-image-preview":"max-image-preview:large","max-video-preview":"max-video-preview:-1"},"canonical":"https:\/\/euronovia.eu\/en\/our-team\/","og_locale":"en_US","og_type":"article","og_title":"Our team - Euronovia Conseil","og_description":"OUR TEAM Our experiences, our expertise and our commitment at the service of your project Virginie ROBIN CEO &amp; Founder Lucie GUILLOTEAU Head of research projects Marie GARCIA Head of partnerships Laura DE NALE Consultant Ma\u00ebva VOLTZ Consultant Emilie FLOCH Consultant In\u00e8s MARTORELL Consultant Emmanuelle MOREAU Consultant Ana\u00efs LOUDI\u00c8RES Consultant Sarah BONNET Consultant Claire BOULCH&hellip;","og_url":"https:\/\/euronovia.eu\/en\/our-team\/","og_site_name":"Euronovia Conseil","article_modified_time":"2026-02-12T10:01:56+00:00","og_image":[{"url":"https:\/\/euronovia.eu\/wp-content\/uploads\/2021\/09\/photo-VR-2-1-150x150.jpeg","type":"","width":"","height":""}],"twitter_card":"summary_large_image","schema":{"@context":"https:\/\/schema.org","@graph":[{"@type":"WebPage","@id":"https:\/\/euronovia.eu\/en\/our-team\/","url":"https:\/\/euronovia.eu\/en\/our-team\/","name":"Our team - Euronovia Conseil","isPartOf":{"@id":"https:\/\/euronovia.eu\/en\/#website"},"primaryImageOfPage":{"@id":"https:\/\/euronovia.eu\/en\/our-team\/#primaryimage"},"image":{"@id":"https:\/\/euronovia.eu\/en\/our-team\/#primaryimage"},"thumbnailUrl":"https:\/\/euronovia.eu\/wp-content\/uploads\/2021\/09\/photo-VR-2-1-150x150.jpeg","datePublished":"2016-02-03T11:28:26+00:00","dateModified":"2026-02-12T10:01:56+00:00","breadcrumb":{"@id":"https:\/\/euronovia.eu\/en\/our-team\/#breadcrumb"},"inLanguage":"en-US","potentialAction":[{"@type":"ReadAction","target":["https:\/\/euronovia.eu\/en\/our-team\/"]}]},{"@type":"ImageObject","inLanguage":"en-US","@id":"https:\/\/euronovia.eu\/en\/our-team\/#primaryimage","url":"https:\/\/euronovia.eu\/wp-content\/uploads\/2021\/09\/photo-VR-2-1-150x150.jpeg","contentUrl":"https:\/\/euronovia.eu\/wp-content\/uploads\/2021\/09\/photo-VR-2-1-150x150.jpeg"},{"@type":"BreadcrumbList","@id":"https:\/\/euronovia.eu\/en\/our-team\/#breadcrumb","itemListElement":[{"@type":"ListItem","position":1,"name":"Accueil","item":"https:\/\/euronovia.eu\/en\/"},{"@type":"ListItem","position":2,"name":"Our team"}]},{"@type":"WebSite","@id":"https:\/\/euronovia.eu\/en\/#website","url":"https:\/\/euronovia.eu\/en\/","name":"Euronovia Conseil","description":"Vous avez un projet europ\u00e9en ou international ? Nous vous accompagnons \u00e0 chaque \u00e9tape de son d\u00e9veloppement, du montage \u00e0 la gestion.","potentialAction":[{"@type":"SearchAction","target":{"@type":"EntryPoint","urlTemplate":"https:\/\/euronovia.eu\/en\/?s={search_term_string}"},"query-input":{"@type":"PropertyValueSpecification","valueRequired":true,"valueName":"search_term_string"}}],"inLanguage":"en-US"}]}},"_links":{"self":[{"href":"https:\/\/euronovia.eu\/en\/wp-json\/wp\/v2\/pages\/225","targetHints":{"allow":["GET"]}}],"collection":[{"href":"https:\/\/euronovia.eu\/en\/wp-json\/wp\/v2\/pages"}],"about":[{"href":"https:\/\/euronovia.eu\/en\/wp-json\/wp\/v2\/types\/page"}],"author":[{"embeddable":true,"href":"https:\/\/euronovia.eu\/en\/wp-json\/wp\/v2\/users\/1"}],"replies":[{"embeddable":true,"href":"https:\/\/euronovia.eu\/en\/wp-json\/wp\/v2\/comments?post=225"}],"version-history":[{"count":3,"href":"https:\/\/euronovia.eu\/en\/wp-json\/wp\/v2\/pages\/225\/revisions"}],"predecessor-version":[{"id":5642,"href":"https:\/\/euronovia.eu\/en\/wp-json\/wp\/v2\/pages\/225\/revisions\/5642"}],"wp:attachment":[{"href":"https:\/\/euronovia.eu\/en\/wp-json\/wp\/v2\/media?parent=225"}],"curies":[{"name":"wp","href":"https:\/\/api.w.org\/{rel}","templated":true}]}}