{"id":207,"date":"2016-03-07T12:47:24","date_gmt":"2016-03-07T11:47:24","guid":{"rendered":"http:\/\/euronovia.eu\/en\/?page_id=207"},"modified":"2024-08-26T11:13:05","modified_gmt":"2024-08-26T10:13:05","slug":"legal-notice","status":"publish","type":"page","link":"https:\/\/euronovia.eu\/en\/legal-notice\/","title":{"rendered":"Legal notice"},"content":{"rendered":"\n<h1>\n\t\tLEGAL NOTICE\n\t<\/h1>\n\t<p>The website www.euronovia.eu is published by:<\/p>\n<strong>Euronovia<\/strong><br \/>\nFrench S.A.S. with a share capital of EUR 7,500<br \/>\n42, rue Daguerre<br \/>\n75014 PARIS<br \/>\nFrance\nPhone +33 6 70 02 93 30<br \/>\n<a href=\"mailto:contact@euronovia.eu\">contact@euronovia.eu<\/a>\nRegistration number: RCS Paris B 800 294 241<br \/>\nSIRET number: 800 294 241 00016<br \/>\nAPE code APE: 7022Z\n<p>The website www.euronovia.eu is the property of Euronovia S.A.S.<\/p>\n<p>Website design and realisation : <strong><a title=\"Agence WordPress Paris et Aix-en-Provence\" href=\"http:\/\/www.parteja.net\" target=\"_blank\" rel=\"noopener\">Agence Parteja<\/a><\/strong><\/p>\n<p>All contents of this website, the graphics, pictures, texts and logotypes, as well as their layout are the exclusive property of Euronovia S.A.S. with the exception of the brand names, logotypes or contents belonging to other partners companies or authors.<\/p>\n<p>Any reproduction, distribution, modification, retransmission or publication of these elements is strictly forbidden without the prior express written agreement of Euronovia S.A.S.<\/p>\n\n","protected":false},"excerpt":{"rendered":"<p>LEGAL NOTICE The website www.euronovia.eu is published by: Euronovia French S.A.S. with a share capital of EUR 7,500 42, rue Daguerre 75014 PARIS France Phone +33 6 70 02 93 30 contact@euronovia.eu Registration number: RCS Paris B 800 294 241 SIRET number: 800 294 241 00016 APE code APE: 7022Z The website www.euronovia.eu is the&hellip;<\/p>\n","protected":false},"author":1,"featured_media":0,"parent":0,"menu_order":0,"comment_status":"closed","ping_status":"closed","template":"","meta":{"footnotes":""},"class_list":["post-207","page","type-page","status-publish","hentry"],"yoast_head":"<!-- This site is optimized with the Yoast SEO plugin v26.9 - https:\/\/yoast.com\/product\/yoast-seo-wordpress\/ -->\n<title>Legal notice - Euronovia Conseil<\/title>\n<meta name=\"robots\" content=\"index, follow, max-snippet:-1, max-image-preview:large, max-video-preview:-1\" \/>\n<link rel=\"canonical\" href=\"https:\/\/euronovia.eu\/en\/legal-notice\/\" \/>\n<meta property=\"og:locale\" content=\"en_US\" \/>\n<meta property=\"og:type\" content=\"article\" \/>\n<meta property=\"og:title\" content=\"Legal notice - Euronovia Conseil\" \/>\n<meta property=\"og:description\" content=\"LEGAL NOTICE The website www.euronovia.eu is published by: Euronovia French S.A.S. with a share capital of EUR 7,500 42, rue Daguerre 75014 PARIS France Phone +33 6 70 02 93 30 contact@euronovia.eu Registration number: RCS Paris B 800 294 241 SIRET number: 800 294 241 00016 APE code APE: 7022Z The website www.euronovia.eu is the&hellip;\" \/>\n<meta property=\"og:url\" content=\"https:\/\/euronovia.eu\/en\/legal-notice\/\" \/>\n<meta property=\"og:site_name\" content=\"Euronovia Conseil\" \/>\n<meta property=\"article:modified_time\" content=\"2024-08-26T10:13:05+00:00\" \/>\n<meta name=\"twitter:card\" content=\"summary_large_image\" \/>\n<meta name=\"twitter:label1\" content=\"Est. reading time\" \/>\n\t<meta name=\"twitter:data1\" content=\"1 minute\" \/>\n<script type=\"application\/ld+json\" class=\"yoast-schema-graph\">{\"@context\":\"https:\/\/schema.org\",\"@graph\":[{\"@type\":\"WebPage\",\"@id\":\"https:\/\/euronovia.eu\/en\/legal-notice\/\",\"url\":\"https:\/\/euronovia.eu\/en\/legal-notice\/\",\"name\":\"Legal notice - Euronovia Conseil\",\"isPartOf\":{\"@id\":\"https:\/\/euronovia.eu\/en\/#website\"},\"datePublished\":\"2016-03-07T11:47:24+00:00\",\"dateModified\":\"2024-08-26T10:13:05+00:00\",\"breadcrumb\":{\"@id\":\"https:\/\/euronovia.eu\/en\/legal-notice\/#breadcrumb\"},\"inLanguage\":\"en-US\",\"potentialAction\":[{\"@type\":\"ReadAction\",\"target\":[\"https:\/\/euronovia.eu\/en\/legal-notice\/\"]}]},{\"@type\":\"BreadcrumbList\",\"@id\":\"https:\/\/euronovia.eu\/en\/legal-notice\/#breadcrumb\",\"itemListElement\":[{\"@type\":\"ListItem\",\"position\":1,\"name\":\"Accueil\",\"item\":\"https:\/\/euronovia.eu\/en\/\"},{\"@type\":\"ListItem\",\"position\":2,\"name\":\"Legal notice\"}]},{\"@type\":\"WebSite\",\"@id\":\"https:\/\/euronovia.eu\/en\/#website\",\"url\":\"https:\/\/euronovia.eu\/en\/\",\"name\":\"Euronovia Conseil\",\"description\":\"Vous avez un projet europ\u00e9en ou international ? Nous vous accompagnons \u00e0 chaque \u00e9tape de son d\u00e9veloppement, du montage \u00e0 la gestion.\",\"potentialAction\":[{\"@type\":\"SearchAction\",\"target\":{\"@type\":\"EntryPoint\",\"urlTemplate\":\"https:\/\/euronovia.eu\/en\/?s={search_term_string}\"},\"query-input\":{\"@type\":\"PropertyValueSpecification\",\"valueRequired\":true,\"valueName\":\"search_term_string\"}}],\"inLanguage\":\"en-US\"}]}<\/script>\n<!-- \/ Yoast SEO plugin. -->","yoast_head_json":{"title":"Legal notice - Euronovia Conseil","robots":{"index":"index","follow":"follow","max-snippet":"max-snippet:-1","max-image-preview":"max-image-preview:large","max-video-preview":"max-video-preview:-1"},"canonical":"https:\/\/euronovia.eu\/en\/legal-notice\/","og_locale":"en_US","og_type":"article","og_title":"Legal notice - Euronovia Conseil","og_description":"LEGAL NOTICE The website www.euronovia.eu is published by: Euronovia French S.A.S. with a share capital of EUR 7,500 42, rue Daguerre 75014 PARIS France Phone +33 6 70 02 93 30 contact@euronovia.eu Registration number: RCS Paris B 800 294 241 SIRET number: 800 294 241 00016 APE code APE: 7022Z The website www.euronovia.eu is the&hellip;","og_url":"https:\/\/euronovia.eu\/en\/legal-notice\/","og_site_name":"Euronovia Conseil","article_modified_time":"2024-08-26T10:13:05+00:00","twitter_card":"summary_large_image","twitter_misc":{"Est. reading time":"1 minute"},"schema":{"@context":"https:\/\/schema.org","@graph":[{"@type":"WebPage","@id":"https:\/\/euronovia.eu\/en\/legal-notice\/","url":"https:\/\/euronovia.eu\/en\/legal-notice\/","name":"Legal notice - Euronovia Conseil","isPartOf":{"@id":"https:\/\/euronovia.eu\/en\/#website"},"datePublished":"2016-03-07T11:47:24+00:00","dateModified":"2024-08-26T10:13:05+00:00","breadcrumb":{"@id":"https:\/\/euronovia.eu\/en\/legal-notice\/#breadcrumb"},"inLanguage":"en-US","potentialAction":[{"@type":"ReadAction","target":["https:\/\/euronovia.eu\/en\/legal-notice\/"]}]},{"@type":"BreadcrumbList","@id":"https:\/\/euronovia.eu\/en\/legal-notice\/#breadcrumb","itemListElement":[{"@type":"ListItem","position":1,"name":"Accueil","item":"https:\/\/euronovia.eu\/en\/"},{"@type":"ListItem","position":2,"name":"Legal notice"}]},{"@type":"WebSite","@id":"https:\/\/euronovia.eu\/en\/#website","url":"https:\/\/euronovia.eu\/en\/","name":"Euronovia Conseil","description":"Vous avez un projet europ\u00e9en ou international ? Nous vous accompagnons \u00e0 chaque \u00e9tape de son d\u00e9veloppement, du montage \u00e0 la gestion.","potentialAction":[{"@type":"SearchAction","target":{"@type":"EntryPoint","urlTemplate":"https:\/\/euronovia.eu\/en\/?s={search_term_string}"},"query-input":{"@type":"PropertyValueSpecification","valueRequired":true,"valueName":"search_term_string"}}],"inLanguage":"en-US"}]}},"_links":{"self":[{"href":"https:\/\/euronovia.eu\/en\/wp-json\/wp\/v2\/pages\/207","targetHints":{"allow":["GET"]}}],"collection":[{"href":"https:\/\/euronovia.eu\/en\/wp-json\/wp\/v2\/pages"}],"about":[{"href":"https:\/\/euronovia.eu\/en\/wp-json\/wp\/v2\/types\/page"}],"author":[{"embeddable":true,"href":"https:\/\/euronovia.eu\/en\/wp-json\/wp\/v2\/users\/1"}],"replies":[{"embeddable":true,"href":"https:\/\/euronovia.eu\/en\/wp-json\/wp\/v2\/comments?post=207"}],"version-history":[{"count":0,"href":"https:\/\/euronovia.eu\/en\/wp-json\/wp\/v2\/pages\/207\/revisions"}],"wp:attachment":[{"href":"https:\/\/euronovia.eu\/en\/wp-json\/wp\/v2\/media?parent=207"}],"curies":[{"name":"wp","href":"https:\/\/api.w.org\/{rel}","templated":true}]}}