{"id":197,"date":"2016-03-07T12:31:28","date_gmt":"2016-03-07T11:31:28","guid":{"rendered":"http:\/\/euronovia.eu\/en\/?page_id=197"},"modified":"2026-03-24T12:00:33","modified_gmt":"2026-03-24T11:00:33","slug":"home","status":"publish","type":"page","link":"https:\/\/euronovia.eu\/en\/","title":{"rendered":"Home"},"content":{"rendered":"\n<h1>\n\t\t\tSupporting <strong>European <br \/>research and innovation actors <\/strong><br \/> in the development of high-impact projects \t<\/h1>\n<h2>\n\t\t\tOur vision\t<\/h2>\n\t<p>For more than 10 years, we have been supporting research and innovation actors to enable them to access European funding.<\/p>\n<p>Because we believe in Europe as a space for sharing, and in science as a lever for progress.<\/p>\n<p>Because we want to put our experience, our expertise, and our commitment at the service of high-impact projects, particularly in the fields of climate, energy, environment and health&#8230;<\/p>\n\t\t\n\t\t\t<a href=\"https:\/\/euronovia.eu\/en\/about\/\" target=\"_self\">\n\t\t\t\t\t\t\tFind out more\n\t\t\t\t\t<\/a>\n<h2>\n\t\t\tOur services\t<\/h2>\n\t\t\t<a href=\"https:\/\/euronovia.eu\/en\/services\/\" target=\"_self\">\n\t\t\t\t\t\t\tFind out more about our offers\n\t\t\t\t\t<\/a>\n<h2>\n\t\t\tOur projects\t<\/h2>\n\t\t\t<a href=\"https:\/\/euronovia.eu\/en\/projects\/\" target=\"_self\">\n\t\t\t\t\t\t\tDiscover <br \/>all our projects\n\t\t\t\t\t<\/a>\n<h2>\n\t\t\tOur team\t<\/h2>\n\t\t\t<a href=\"https:\/\/euronovia.eu\/en\/our-team\/\" target=\"_self\">\n\t\t\t\t\t\t\tMeet the Euronovia consultants\n\t\t\t\t\t<\/a>\n<h2>\n\t\t\tOur latest articles\t<\/h2>\n\t\t\t<a href=\"https:\/\/euronovia.eu\/en\/category\/blog-news\/\" target=\"_self\">\n\t\t\t\t\t\t\tAll our news\n\t\t\t\t\t<\/a>\n<h2>\n\t\t\tOur success stories\t<\/h2>\n\t\t\t\t\t\t<figure>\n\t\t\t\t\t\t\t<img loading=\"lazy\" decoding=\"async\" src=\"https:\/\/euronovia.eu\/wp-content\/uploads\/2025\/06\/Julien-Jacquet-web-EN-300x300.png\" alt=\"\" width=\"300\" height=\"300\" \/>\n\t\t\t\t\t\t\t\t\t\t\t\t\t<\/figure>\n\t\t\t\t\t\t<figure>\n\t\t\t\t\t\t\t<img loading=\"lazy\" decoding=\"async\" src=\"https:\/\/euronovia.eu\/wp-content\/uploads\/2025\/03\/Caroline-Thaler-EN-300x300.png\" alt=\"\" width=\"300\" height=\"300\" \/>\n\t\t\t\t\t\t\t\t\t\t\t\t\t<\/figure>\n\t\t\t\t\t\t<figure>\n\t\t\t\t\t\t\t<img loading=\"lazy\" decoding=\"async\" src=\"https:\/\/euronovia.eu\/wp-content\/uploads\/2024\/11\/Pascal-Belin-3-300x300.png\" alt=\"\" width=\"300\" height=\"300\" \/>\n\t\t\t\t\t\t\t\t\t\t\t\t\t<\/figure>\n\t\t\t\t\t\t<figure>\n\t\t\t\t\t\t\t<img loading=\"lazy\" decoding=\"async\" src=\"https:\/\/euronovia.eu\/wp-content\/uploads\/2024\/11\/Vona-Meleder-REWRITE-Website-300x300.png\" alt=\"\" width=\"300\" height=\"300\" \/>\n\t\t\t\t\t\t\t\t\t\t\t\t\t<\/figure>\n\t\t\t\t\t\t<figure>\n\t\t\t\t\t\t\t<img loading=\"lazy\" decoding=\"async\" src=\"https:\/\/euronovia.eu\/wp-content\/uploads\/2026\/03\/Salem-Gharbia-GB-300x300.png\" alt=\"\" width=\"300\" height=\"300\" \/>\n\t\t\t\t\t\t\t\t\t\t\t\t\t<\/figure>\n\t\t\t\t\t\t<figure>\n\t\t\t\t\t\t\t<img loading=\"lazy\" decoding=\"async\" src=\"https:\/\/euronovia.eu\/wp-content\/uploads\/2024\/11\/Julien-Longhi-Arenas-Website-300x300.png\" alt=\"\" width=\"300\" height=\"300\" \/>\n\t\t\t\t\t\t\t\t\t\t\t\t\t<\/figure>\n\t\t\t\t\t\t<figure>\n\t\t\t\t\t\t\t<img loading=\"lazy\" decoding=\"async\" src=\"https:\/\/euronovia.eu\/wp-content\/uploads\/2025\/12\/Bernard-Sendhoff-GB-300x300.png\" alt=\"\" width=\"300\" height=\"300\" \/>\n\t\t\t\t\t\t\t\t\t\t\t\t\t<\/figure>\n\t\t\t\t\t\t<figure>\n\t\t\t\t\t\t\t<img loading=\"lazy\" decoding=\"async\" src=\"https:\/\/euronovia.eu\/wp-content\/uploads\/2024\/11\/Julien-Favier-FALCON-Website-300x300.png\" alt=\"\" width=\"300\" height=\"300\" \/>\n\t\t\t\t\t\t\t\t\t\t\t\t\t<\/figure>\n\t\t\t\t\t\t<figure>\n\t\t\t\t\t\t\t<img loading=\"lazy\" decoding=\"async\" src=\"https:\/\/euronovia.eu\/wp-content\/uploads\/2024\/11\/Anne-Sophie-CARO-PELVITRACK-Website-300x300.png\" alt=\"\" width=\"300\" height=\"300\" \/>\n\t\t\t\t\t\t\t\t\t\t\t\t\t<\/figure>\n\t\t\t\t\t\t<figure>\n\t\t\t\t\t\t\t<img loading=\"lazy\" decoding=\"async\" src=\"https:\/\/euronovia.eu\/wp-content\/uploads\/2024\/11\/Christine-Frison-Web-EN-300x300.png\" alt=\"\" width=\"300\" height=\"300\" \/>\n\t\t\t\t\t\t\t\t\t\t\t\t\t<\/figure>\n\t\t\t\t\t\t<figure>\n\t\t\t\t\t\t\t<img loading=\"lazy\" decoding=\"async\" src=\"https:\/\/euronovia.eu\/wp-content\/uploads\/2024\/11\/Navid-TUB-Website-300x300.png\" alt=\"\" width=\"300\" height=\"300\" \/>\n\t\t\t\t\t\t\t\t\t\t\t\t\t<\/figure>\n\t\t\t\t\t\t<figure>\n\t\t\t\t\t\t\t<img loading=\"lazy\" decoding=\"async\" src=\"https:\/\/euronovia.eu\/wp-content\/uploads\/2025\/10\/Ghislain-Trullenque-300x300.png\" alt=\"\" width=\"300\" height=\"300\" \/>\n\t\t\t\t\t\t\t\t\t\t\t\t\t<\/figure>\n\t\t\t\t\t\t<figure>\n\t\t\t\t\t\t\t<img loading=\"lazy\" decoding=\"async\" src=\"https:\/\/euronovia.eu\/wp-content\/uploads\/2024\/11\/Julien-Pompon-Website-300x300.png\" alt=\"\" width=\"300\" height=\"300\" \/>\n\t\t\t\t\t\t\t\t\t\t\t\t\t<\/figure>\n\t\t\t\t\t\t<figure>\n\t\t\t\t\t\t\t<img loading=\"lazy\" decoding=\"async\" src=\"https:\/\/euronovia.eu\/wp-content\/uploads\/2025\/12\/Afsin-Web-GB-300x300.png\" alt=\"\" width=\"300\" height=\"300\" \/>\n\t\t\t\t\t\t\t\t\t\t\t\t\t<\/figure>\n\t\t\t\t\t\t<figure>\n\t\t\t\t\t\t\t<img loading=\"lazy\" decoding=\"async\" src=\"https:\/\/euronovia.eu\/wp-content\/uploads\/2025\/10\/Jose-Anta-Alvarez-EN-300x300.png\" alt=\"\" width=\"300\" height=\"300\" \/>\n\t\t\t\t\t\t\t\t\t\t\t\t\t<\/figure>\n\t\t\t\t\t\t<figure>\n\t\t\t\t\t\t\t<img loading=\"lazy\" decoding=\"async\" src=\"https:\/\/euronovia.eu\/wp-content\/uploads\/2024\/11\/Anne-Charlotte-Web-300x300.png\" alt=\"\" width=\"300\" height=\"300\" \/>\n\t\t\t\t\t\t\t\t\t\t\t\t\t<\/figure>\n\t\t\t\t\t<h2>\n\t\t\tOur partners\t<\/h2>\n\t\t\t\t\t\t\t\t\t<img loading=\"lazy\" decoding=\"async\" src=\"https:\/\/euronovia.eu\/wp-content\/uploads\/2023\/06\/Logo-blanc.png\" alt=\"Logo-euronovia-blanc\" height=\"197\" width=\"918\" title=\"Logo-euronovia-blanc\" \/>\n\t\t\n\t\t<a href=\"https:\/\/www.linkedin.com\/company\/euronovia\" target=\"_blank\" title=\"LinkedIn\" aria-label=\"LinkedIn\" role=\"button\" rel=\"noopener noreferrer external\">\n\t\t\t\t\t<\/a>\n<h2>\n\t\t\tMain office\t<\/h2>\n\t227 Boulevard Raspail<br \/>\n75014 Paris<br \/>\nFrance\n<h2>\n\t\t<a href=\"http:\/\/euronovia.eu\/en\/contact-us\/\" title=\"Contact us\" target=\"_self\">\n\t\t\tContact us\t\t<\/a>\n\t<\/h2>\n\n","protected":false},"excerpt":{"rendered":"<p>Supporting European research and innovation actors in the development of high-impact projects Our vision For more than 10 years, we have been supporting research and innovation actors to enable them to access European funding. Because we believe in Europe as a space for sharing, and in science as a lever for progress. Because we want&hellip;<\/p>\n","protected":false},"author":1,"featured_media":0,"parent":0,"menu_order":0,"comment_status":"closed","ping_status":"closed","template":"","meta":{"footnotes":""},"class_list":["post-197","page","type-page","status-publish","hentry"],"yoast_head":"<!-- This site is optimized with the Yoast SEO plugin v26.9 - https:\/\/yoast.com\/product\/yoast-seo-wordpress\/ -->\n<title>Home - Euronovia Conseil<\/title>\n<meta name=\"robots\" content=\"index, follow, max-snippet:-1, max-image-preview:large, max-video-preview:-1\" \/>\n<link rel=\"canonical\" href=\"https:\/\/euronovia.eu\/en\/\" \/>\n<meta property=\"og:locale\" content=\"en_US\" \/>\n<meta property=\"og:type\" content=\"article\" \/>\n<meta property=\"og:title\" content=\"Home - Euronovia Conseil\" \/>\n<meta property=\"og:description\" content=\"Supporting European research and innovation actors in the development of high-impact projects Our vision For more than 10 years, we have been supporting research and innovation actors to enable them to access European funding. Because we believe in Europe as a space for sharing, and in science as a lever for progress. Because we want&hellip;\" \/>\n<meta property=\"og:url\" content=\"https:\/\/euronovia.eu\/en\/\" \/>\n<meta property=\"og:site_name\" content=\"Euronovia Conseil\" \/>\n<meta property=\"article:modified_time\" content=\"2026-03-24T11:00:33+00:00\" \/>\n<meta property=\"og:image\" content=\"https:\/\/euronovia.eu\/wp-content\/uploads\/2025\/06\/Julien-Jacquet-web-EN-300x300.png\" \/>\n<meta name=\"twitter:card\" content=\"summary_large_image\" \/>\n<meta name=\"twitter:label1\" content=\"Est. reading time\" \/>\n\t<meta name=\"twitter:data1\" content=\"1 minute\" \/>\n<script type=\"application\/ld+json\" class=\"yoast-schema-graph\">{\"@context\":\"https:\/\/schema.org\",\"@graph\":[{\"@type\":\"WebPage\",\"@id\":\"https:\/\/euronovia.eu\/en\/\",\"url\":\"https:\/\/euronovia.eu\/en\/\",\"name\":\"Home - Euronovia Conseil\",\"isPartOf\":{\"@id\":\"https:\/\/euronovia.eu\/en\/#website\"},\"primaryImageOfPage\":{\"@id\":\"https:\/\/euronovia.eu\/en\/#primaryimage\"},\"image\":{\"@id\":\"https:\/\/euronovia.eu\/en\/#primaryimage\"},\"thumbnailUrl\":\"https:\/\/euronovia.eu\/wp-content\/uploads\/2025\/06\/Julien-Jacquet-web-EN-300x300.png\",\"datePublished\":\"2016-03-07T11:31:28+00:00\",\"dateModified\":\"2026-03-24T11:00:33+00:00\",\"breadcrumb\":{\"@id\":\"https:\/\/euronovia.eu\/en\/#breadcrumb\"},\"inLanguage\":\"en-US\",\"potentialAction\":[{\"@type\":\"ReadAction\",\"target\":[\"https:\/\/euronovia.eu\/en\/\"]}]},{\"@type\":\"ImageObject\",\"inLanguage\":\"en-US\",\"@id\":\"https:\/\/euronovia.eu\/en\/#primaryimage\",\"url\":\"https:\/\/euronovia.eu\/wp-content\/uploads\/2025\/06\/Julien-Jacquet-web-EN-300x300.png\",\"contentUrl\":\"https:\/\/euronovia.eu\/wp-content\/uploads\/2025\/06\/Julien-Jacquet-web-EN-300x300.png\"},{\"@type\":\"BreadcrumbList\",\"@id\":\"https:\/\/euronovia.eu\/en\/#breadcrumb\",\"itemListElement\":[{\"@type\":\"ListItem\",\"position\":1,\"name\":\"Accueil\",\"item\":\"https:\/\/euronovia.eu\/en\/\"},{\"@type\":\"ListItem\",\"position\":2,\"name\":\"Home\"}]},{\"@type\":\"WebSite\",\"@id\":\"https:\/\/euronovia.eu\/en\/#website\",\"url\":\"https:\/\/euronovia.eu\/en\/\",\"name\":\"Euronovia Conseil\",\"description\":\"Vous avez un projet europ\u00e9en ou international ? Nous vous accompagnons \u00e0 chaque \u00e9tape de son d\u00e9veloppement, du montage \u00e0 la gestion.\",\"potentialAction\":[{\"@type\":\"SearchAction\",\"target\":{\"@type\":\"EntryPoint\",\"urlTemplate\":\"https:\/\/euronovia.eu\/en\/?s={search_term_string}\"},\"query-input\":{\"@type\":\"PropertyValueSpecification\",\"valueRequired\":true,\"valueName\":\"search_term_string\"}}],\"inLanguage\":\"en-US\"}]}<\/script>\n<!-- \/ Yoast SEO plugin. -->","yoast_head_json":{"title":"Home - Euronovia Conseil","robots":{"index":"index","follow":"follow","max-snippet":"max-snippet:-1","max-image-preview":"max-image-preview:large","max-video-preview":"max-video-preview:-1"},"canonical":"https:\/\/euronovia.eu\/en\/","og_locale":"en_US","og_type":"article","og_title":"Home - Euronovia Conseil","og_description":"Supporting European research and innovation actors in the development of high-impact projects Our vision For more than 10 years, we have been supporting research and innovation actors to enable them to access European funding. Because we believe in Europe as a space for sharing, and in science as a lever for progress. Because we want&hellip;","og_url":"https:\/\/euronovia.eu\/en\/","og_site_name":"Euronovia Conseil","article_modified_time":"2026-03-24T11:00:33+00:00","og_image":[{"url":"https:\/\/euronovia.eu\/wp-content\/uploads\/2025\/06\/Julien-Jacquet-web-EN-300x300.png","type":"","width":"","height":""}],"twitter_card":"summary_large_image","twitter_misc":{"Est. reading time":"1 minute"},"schema":{"@context":"https:\/\/schema.org","@graph":[{"@type":"WebPage","@id":"https:\/\/euronovia.eu\/en\/","url":"https:\/\/euronovia.eu\/en\/","name":"Home - Euronovia Conseil","isPartOf":{"@id":"https:\/\/euronovia.eu\/en\/#website"},"primaryImageOfPage":{"@id":"https:\/\/euronovia.eu\/en\/#primaryimage"},"image":{"@id":"https:\/\/euronovia.eu\/en\/#primaryimage"},"thumbnailUrl":"https:\/\/euronovia.eu\/wp-content\/uploads\/2025\/06\/Julien-Jacquet-web-EN-300x300.png","datePublished":"2016-03-07T11:31:28+00:00","dateModified":"2026-03-24T11:00:33+00:00","breadcrumb":{"@id":"https:\/\/euronovia.eu\/en\/#breadcrumb"},"inLanguage":"en-US","potentialAction":[{"@type":"ReadAction","target":["https:\/\/euronovia.eu\/en\/"]}]},{"@type":"ImageObject","inLanguage":"en-US","@id":"https:\/\/euronovia.eu\/en\/#primaryimage","url":"https:\/\/euronovia.eu\/wp-content\/uploads\/2025\/06\/Julien-Jacquet-web-EN-300x300.png","contentUrl":"https:\/\/euronovia.eu\/wp-content\/uploads\/2025\/06\/Julien-Jacquet-web-EN-300x300.png"},{"@type":"BreadcrumbList","@id":"https:\/\/euronovia.eu\/en\/#breadcrumb","itemListElement":[{"@type":"ListItem","position":1,"name":"Accueil","item":"https:\/\/euronovia.eu\/en\/"},{"@type":"ListItem","position":2,"name":"Home"}]},{"@type":"WebSite","@id":"https:\/\/euronovia.eu\/en\/#website","url":"https:\/\/euronovia.eu\/en\/","name":"Euronovia Conseil","description":"Vous avez un projet europ\u00e9en ou international ? Nous vous accompagnons \u00e0 chaque \u00e9tape de son d\u00e9veloppement, du montage \u00e0 la gestion.","potentialAction":[{"@type":"SearchAction","target":{"@type":"EntryPoint","urlTemplate":"https:\/\/euronovia.eu\/en\/?s={search_term_string}"},"query-input":{"@type":"PropertyValueSpecification","valueRequired":true,"valueName":"search_term_string"}}],"inLanguage":"en-US"}]}},"_links":{"self":[{"href":"https:\/\/euronovia.eu\/en\/wp-json\/wp\/v2\/pages\/197","targetHints":{"allow":["GET"]}}],"collection":[{"href":"https:\/\/euronovia.eu\/en\/wp-json\/wp\/v2\/pages"}],"about":[{"href":"https:\/\/euronovia.eu\/en\/wp-json\/wp\/v2\/types\/page"}],"author":[{"embeddable":true,"href":"https:\/\/euronovia.eu\/en\/wp-json\/wp\/v2\/users\/1"}],"replies":[{"embeddable":true,"href":"https:\/\/euronovia.eu\/en\/wp-json\/wp\/v2\/comments?post=197"}],"version-history":[{"count":3,"href":"https:\/\/euronovia.eu\/en\/wp-json\/wp\/v2\/pages\/197\/revisions"}],"predecessor-version":[{"id":5673,"href":"https:\/\/euronovia.eu\/en\/wp-json\/wp\/v2\/pages\/197\/revisions\/5673"}],"wp:attachment":[{"href":"https:\/\/euronovia.eu\/en\/wp-json\/wp\/v2\/media?parent=197"}],"curies":[{"name":"wp","href":"https:\/\/api.w.org\/{rel}","templated":true}]}}